{"id":6,"date":"2020-01-06T23:30:45","date_gmt":"2020-01-06T23:30:45","guid":{"rendered":"http:\/\/opavice.cz\/?page_id=6"},"modified":"2024-09-04T09:21:42","modified_gmt":"2024-09-04T09:21:42","slug":"nabidka-sluzeb","status":"publish","type":"page","link":"https:\/\/www.opavice.cz\/?page_id=6","title":{"rendered":"Nab\u00eddka slu\u017eeb"},"content":{"rendered":"<ul>\n<li>Dovozy materi\u00e1l\u016f n\u00e1kladn\u00edmi auty, traktory<\/li>\n<li>Zimn\u00ed \u00a0mechanizovan\u00fd o\u0159ez \u00a0strom\u016f<\/li>\n<li>Chemick\u00e1 ochrana rostlin \u2013 samochodn\u00fd post\u0159ikova\u010d<\/li>\n<li>Poln\u00ed pr\u00e1ce ( podm\u00edtka , orba, p\u0159\u00edprava p\u016fdy, set\u00ed )<\/li>\n<li>Pr\u00e1ce manipul\u00e1torem MERLO<\/li>\n<li>Mul\u010dov\u00e1n\u00ed<\/li>\n<\/ul>\n","protected":false},"excerpt":{"rendered":"<p>Dovozy materi\u00e1l\u016f n\u00e1kladn\u00edmi auty, traktory Zimn\u00ed \u00a0mechanizovan\u00fd o\u0159ez \u00a0strom\u016f Chemick\u00e1 ochrana rostlin \u2013 samochodn\u00fd post\u0159ikova\u010d Poln\u00ed pr\u00e1ce ( podm\u00edtka , orba, p\u0159\u00edprava p\u016fdy, set\u00ed ) Pr\u00e1ce manipul\u00e1torem MERLO Mul\u010dov\u00e1n\u00ed<\/p>\n","protected":false},"author":1,"featured_media":0,"parent":0,"menu_order":0,"comment_status":"closed","ping_status":"closed","template":"","meta":{"footnotes":""},"_links":{"self":[{"href":"https:\/\/www.opavice.cz\/index.php?rest_route=\/wp\/v2\/pages\/6"}],"collection":[{"href":"https:\/\/www.opavice.cz\/index.php?rest_route=\/wp\/v2\/pages"}],"about":[{"href":"https:\/\/www.opavice.cz\/index.php?rest_route=\/wp\/v2\/types\/page"}],"author":[{"embeddable":true,"href":"https:\/\/www.opavice.cz\/index.php?rest_route=\/wp\/v2\/users\/1"}],"replies":[{"embeddable":true,"href":"https:\/\/www.opavice.cz\/index.php?rest_route=%2Fwp%2Fv2%2Fcomments&post=6"}],"version-history":[{"count":2,"href":"https:\/\/www.opavice.cz\/index.php?rest_route=\/wp\/v2\/pages\/6\/revisions"}],"predecessor-version":[{"id":154,"href":"https:\/\/www.opavice.cz\/index.php?rest_route=\/wp\/v2\/pages\/6\/revisions\/154"}],"wp:attachment":[{"href":"https:\/\/www.opavice.cz\/index.php?rest_route=%2Fwp%2Fv2%2Fmedia&parent=6"}],"curies":[{"name":"wp","href":"https:\/\/api.w.org\/{rel}","templated":true}]}}