{"id":4,"date":"2020-01-06T23:29:37","date_gmt":"2020-01-06T23:29:37","guid":{"rendered":"http:\/\/opavice.cz\/?page_id=4"},"modified":"2024-09-04T09:10:57","modified_gmt":"2024-09-04T09:10:57","slug":"kontakty","status":"publish","type":"page","link":"https:\/\/www.opavice.cz\/?page_id=4","title":{"rendered":"Kontakty"},"content":{"rendered":"<p><strong>Opavice a.s.<br \/>\n<\/strong><br \/>\n<strong>Provozovna:<\/strong><br \/>\nMoravec 293<br \/>\n74722 Doln\u00ed Bene\u0161ov<\/p>\n<p><strong>Telefon:<\/strong><br \/>\n553 666 400<\/p>\n<p><strong>E-mail:<\/strong><br \/>\n<a href=\"mailto:opavice@opavice.cz\">opavice@opavice.cz<\/a><\/p>\n<p><iframe loading=\"lazy\" style=\"border: 0;\" src=\"https:\/\/www.google.com\/maps\/embed?pb=!1m14!1m8!1m3!1d10273.919447684872!2d18.099839115236964!3d49.927336641619476!3m2!1i1024!2i768!4f13.1!3m3!1m2!1s0x471160108a998243%3A0x3593825dc484fc4a!2sMoravec+293!5e0!3m2!1scs!2scz!4v1394633496458\" width=\"600\" height=\"450\" frameborder=\"0\"><\/iframe><\/p>\n<p><strong>P\u0159edseda spr\u00e1vn\u00ed rady :<\/strong><br \/>\nIng. Fojt\u00edk Old\u0159ich \u2013 tel. 602 510\u00a0023<\/p>\n<p><b>\u010clen spr\u00e1vn\u00ed rady :<\/b><\/p>\n<p>Pavel Richter \u2013 tel. 606 730 163,\u00a0<a href=\"mailto:pavel.richter@opavice.cz\">pavel.richter@opavice.cz<\/a><\/p>\n<p>&nbsp;<\/p>\n<p><strong>Mechaniz\u00e1tor:<\/strong><br \/>\nPek\u00e1rek Mari\u00e1n \u2013 tel. 777 779 163,\u00a0<a href=\"mailto:marian.pekarek@opavice.cz\">marian.pekarek@opavice.cz<\/a><\/p>\n<p><strong>Agronom:<\/strong><br \/>\nFoitzik Oto \u2013 tel. 777 660 162,\u00a0<a href=\"mailto:oto.foitzik@opavice.cz\">oto.foitzik@opavice.cz<\/a><\/p>\n<p><strong>Agronom specialista:<\/strong><br \/>\nIng. Koci\u00e1n Ji\u0159\u00ed \u2013 tel. 607 749 449,\u00a0<a href=\"mailto:jiri.kocian@opavice.cz\">jiri.kocian@opavice.cz<\/a><\/p>\n<p>&nbsp;<\/p>\n<p><strong>Majetkov\u00fd \u00fasek:<\/strong><br \/>\nFojt\u00edkov\u00e1 Kristina \u2013 tel. 737 238 868,\u00a0<a href=\"mailto:kristina.fojtikova@opavice.cz\">kristina.fojtikova@opavice.cz<\/a><\/p>\n<p>N\u011bmcov\u00e1 Helena\u00a0 &#8211; tel. 553 666\u00a0400,\u00a0 \u00a0602\u00a0830 517,\u00a0\u00a0 helena.nemcova@opavice.cz<\/p>\n<p>&nbsp;<\/p>\n<p><strong>\u00da\u010detn\u00ed:<\/strong><\/p>\n<p>Lellkov\u00e1 Zde\u0148ka \u2013 tel. 553 666 400,<a href=\"mailto:zdenka.lellkova@opavice.cz\">zdenka.lellkova@opavice.cz<\/a><br \/>\nMotykov\u00e1 Regina \u2013 tel. 553 666 400, 777 660 169,\u00a0<a href=\"mailto:regina.motykova@opavice.cz\">regina.motykova<\/a><\/p>\n","protected":false},"excerpt":{"rendered":"<p>Opavice a.s. Provozovna: Moravec 293 74722 Doln\u00ed Bene\u0161ov Telefon: 553 666 400 E-mail: opavice@opavice.cz P\u0159edseda spr\u00e1vn\u00ed rady : Ing. Fojt\u00edk Old\u0159ich \u2013 tel. 602 510\u00a0023 \u010clen spr\u00e1vn\u00ed rady : Pavel Richter \u2013 tel. 606 730 163,\u00a0pavel.richter@opavice.cz &nbsp; Mechaniz\u00e1tor: Pek\u00e1rek Mari\u00e1n \u2013 tel. 777 779 163,\u00a0marian.pekarek@opavice.cz Agronom: Foitzik Oto \u2013 tel. 777 660 162,\u00a0oto.foitzik@opavice.cz Agronom specialista: [&hellip;]<\/p>\n","protected":false},"author":1,"featured_media":0,"parent":0,"menu_order":0,"comment_status":"closed","ping_status":"closed","template":"","meta":{"footnotes":""},"_links":{"self":[{"href":"https:\/\/www.opavice.cz\/index.php?rest_route=\/wp\/v2\/pages\/4"}],"collection":[{"href":"https:\/\/www.opavice.cz\/index.php?rest_route=\/wp\/v2\/pages"}],"about":[{"href":"https:\/\/www.opavice.cz\/index.php?rest_route=\/wp\/v2\/types\/page"}],"author":[{"embeddable":true,"href":"https:\/\/www.opavice.cz\/index.php?rest_route=\/wp\/v2\/users\/1"}],"replies":[{"embeddable":true,"href":"https:\/\/www.opavice.cz\/index.php?rest_route=%2Fwp%2Fv2%2Fcomments&post=4"}],"version-history":[{"count":5,"href":"https:\/\/www.opavice.cz\/index.php?rest_route=\/wp\/v2\/pages\/4\/revisions"}],"predecessor-version":[{"id":149,"href":"https:\/\/www.opavice.cz\/index.php?rest_route=\/wp\/v2\/pages\/4\/revisions\/149"}],"wp:attachment":[{"href":"https:\/\/www.opavice.cz\/index.php?rest_route=%2Fwp%2Fv2%2Fmedia&parent=4"}],"curies":[{"name":"wp","href":"https:\/\/api.w.org\/{rel}","templated":true}]}}